{"id":4079,"date":"2024-09-05T23:14:46","date_gmt":"2024-09-05T21:14:46","guid":{"rendered":"https:\/\/personaliziranelampe.hr\/?page_id=4079"},"modified":"2026-02-26T13:34:26","modified_gmt":"2026-02-26T12:34:26","slug":"o-lampama","status":"publish","type":"page","link":"https:\/\/personaliziranelampe.hr\/en\/o-lampama\/","title":{"rendered":"About the lamps"},"content":{"rendered":"<div data-elementor-type=\"wp-page\" data-elementor-id=\"4079\" class=\"elementor elementor-4079\" data-elementor-settings=\"{&quot;ha_cmc_init_switcher&quot;:&quot;no&quot;}\">\n\t\t\t\t\t\t<section class=\"elementor-section elementor-top-section elementor-element elementor-element-f77bbf4 elementor-section-full_width elementor-section-stretched elementor-section-height-default elementor-section-height-default wpr-jarallax-no wpr-parallax-no wpr-sticky-section-no\" data-id=\"f77bbf4\" data-element_type=\"section\" data-e-type=\"section\" data-settings=\"{&quot;background_background&quot;:&quot;classic&quot;,&quot;stretch_section&quot;:&quot;section-stretched&quot;,&quot;_ha_eqh_enable&quot;:false}\">\n\t\t\t\t\t\t<div class=\"elementor-container elementor-column-gap-no\">\n\t\t\t\t\t<div class=\"elementor-column elementor-col-100 elementor-top-column elementor-element elementor-element-35a3023\" data-id=\"35a3023\" data-element_type=\"column\" data-e-type=\"column\">\n\t\t\t<div class=\"elementor-widget-wrap elementor-element-populated\">\n\t\t\t\t\t\t<div class=\"elementor-element elementor-element-8a2eb24 elementor-widget elementor-widget-spacer\" data-id=\"8a2eb24\" data-element_type=\"widget\" data-e-type=\"widget\" data-widget_type=\"spacer.default\">\n\t\t\t\t<div class=\"elementor-widget-container\">\n\t\t\t\t\t\t\t<div class=\"elementor-spacer\">\n\t\t\t<div class=\"elementor-spacer-inner\"><\/div>\n\t\t<\/div>\n\t\t\t\t\t\t<\/div>\n\t\t\t\t<\/div>\n\t\t\t\t\t<\/div>\n\t\t<\/div>\n\t\t\t\t\t<\/div>\n\t\t<\/section>\n\t\t\t\t<section class=\"elementor-section elementor-top-section elementor-element elementor-element-76babb7 elementor-section-full_width elementor-section-stretched elementor-section-height-default elementor-section-height-default wpr-jarallax-no wpr-parallax-no wpr-sticky-section-no\" data-id=\"76babb7\" data-element_type=\"section\" data-e-type=\"section\" data-settings=\"{&quot;background_background&quot;:&quot;classic&quot;,&quot;stretch_section&quot;:&quot;section-stretched&quot;,&quot;_ha_eqh_enable&quot;:false}\">\n\t\t\t\t\t\t<div class=\"elementor-container elementor-column-gap-no\">\n\t\t\t\t\t<div class=\"elementor-column elementor-col-50 elementor-top-column elementor-element elementor-element-693be36\" data-id=\"693be36\" data-element_type=\"column\" data-e-type=\"column\" data-settings=\"{&quot;background_background&quot;:&quot;classic&quot;}\">\n\t\t\t<div class=\"elementor-widget-wrap elementor-element-populated\">\n\t\t\t\t\t\t<div class=\"elementor-element elementor-element-c2b779b elementor-widget elementor-widget-spacer\" data-id=\"c2b779b\" data-element_type=\"widget\" data-e-type=\"widget\" data-widget_type=\"spacer.default\">\n\t\t\t\t<div class=\"elementor-widget-container\">\n\t\t\t\t\t\t\t<div class=\"elementor-spacer\">\n\t\t\t<div class=\"elementor-spacer-inner\"><\/div>\n\t\t<\/div>\n\t\t\t\t\t\t<\/div>\n\t\t\t\t<\/div>\n\t\t\t\t<div class=\"elementor-element elementor-element-1e9bf96 elementor-invisible elementor-widget elementor-widget-heading\" data-id=\"1e9bf96\" data-element_type=\"widget\" data-e-type=\"widget\" data-settings=\"{&quot;_animation&quot;:&quot;fadeInUp&quot;}\" data-widget_type=\"heading.default\">\n\t\t\t\t<div class=\"elementor-widget-container\">\n\t\t\t\t\t<h2 class=\"elementor-heading-title elementor-size-default\">About the lamps<\/h2>\t\t\t\t<\/div>\n\t\t\t\t<\/div>\n\t\t\t\t\t<\/div>\n\t\t<\/div>\n\t\t\t\t<div class=\"elementor-column elementor-col-50 elementor-top-column elementor-element elementor-element-050d79b\" data-id=\"050d79b\" data-element_type=\"column\" data-e-type=\"column\">\n\t\t\t<div class=\"elementor-widget-wrap elementor-element-populated\">\n\t\t\t\t\t\t<div class=\"elementor-element elementor-element-38449f1 elementor-widget elementor-widget-spacer\" data-id=\"38449f1\" data-element_type=\"widget\" data-e-type=\"widget\" data-widget_type=\"spacer.default\">\n\t\t\t\t<div class=\"elementor-widget-container\">\n\t\t\t\t\t\t\t<div class=\"elementor-spacer\">\n\t\t\t<div class=\"elementor-spacer-inner\"><\/div>\n\t\t<\/div>\n\t\t\t\t\t\t<\/div>\n\t\t\t\t<\/div>\n\t\t\t\t\t<\/div>\n\t\t<\/div>\n\t\t\t\t\t<\/div>\n\t\t<\/section>\n\t\t\t\t<section class=\"elementor-section elementor-top-section elementor-element elementor-element-41d6213 elementor-section-boxed elementor-section-height-default elementor-section-height-default wpr-jarallax-no wpr-parallax-no wpr-sticky-section-no\" data-id=\"41d6213\" data-element_type=\"section\" data-e-type=\"section\" data-settings=\"{&quot;background_background&quot;:&quot;classic&quot;,&quot;_ha_eqh_enable&quot;:false}\">\n\t\t\t\t\t\t<div class=\"elementor-container elementor-column-gap-default\">\n\t\t\t\t\t<div class=\"elementor-column elementor-col-100 elementor-top-column elementor-element elementor-element-a0be32a\" data-id=\"a0be32a\" data-element_type=\"column\" data-e-type=\"column\">\n\t\t\t<div class=\"elementor-widget-wrap elementor-element-populated\">\n\t\t\t\t\t\t<div class=\"elementor-element elementor-element-9052136 elementor-widget elementor-widget-spacer\" data-id=\"9052136\" data-element_type=\"widget\" data-e-type=\"widget\" data-widget_type=\"spacer.default\">\n\t\t\t\t<div class=\"elementor-widget-container\">\n\t\t\t\t\t\t\t<div class=\"elementor-spacer\">\n\t\t\t<div class=\"elementor-spacer-inner\"><\/div>\n\t\t<\/div>\n\t\t\t\t\t\t<\/div>\n\t\t\t\t<\/div>\n\t\t\t\t<div class=\"elementor-element elementor-element-02680fb elementor-hidden-tablet elementor-hidden-mobile elementor-widget elementor-widget-eael-adv-tabs\" data-id=\"02680fb\" data-element_type=\"widget\" data-e-type=\"widget\" data-widget_type=\"eael-adv-tabs.default\">\n\t\t\t\t<div class=\"elementor-widget-container\">\n\t\t\t\t\t        <div data-scroll-on-click=\"no\" data-scroll-speed=\"300\" id=\"eael-advance-tabs-02680fb\" class=\"eael-advance-tabs eael-tabs-horizontal eael-tab-auto-active eael-tab-toggle active-caret-on\" data-tabid=\"02680fb\">\n            <div class=\"eael-tabs-nav\">\n                <ul class=\"\" role=\"tablist\">\n                                            <li id=\"proces-izrade\" class=\"active-default eael-tab-item-trigger eael-tab-nav-item\" aria-selected=\"true\" data-tab=\"1\" role=\"tab\" tabindex=\"0\" aria-controls=\"proces-izrade-tab\" aria-expanded=\"false\">\n                            \n                            \n                            \n                                                            <span class=\"eael-tab-title title-after-icon\" >Creating process<\/span>                                                    <\/li>\n                                            <li id=\"rok-izrade\" class=\"inactive eael-tab-item-trigger eael-tab-nav-item\" aria-selected=\"false\" data-tab=\"2\" role=\"tab\" tabindex=\"-1\" aria-controls=\"rok-izrade-tab\" aria-expanded=\"false\">\n                            \n                            \n                            \n                                                            <span class=\"eael-tab-title title-after-icon\" >Production time<\/span>                                                    <\/li>\n                                            <li id=\"briga-za-okoli\" class=\"inactive eael-tab-item-trigger eael-tab-nav-item\" aria-selected=\"false\" data-tab=\"3\" role=\"tab\" tabindex=\"-1\" aria-controls=\"briga-za-okoli-tab\" aria-expanded=\"false\">\n                            \n                            \n                            \n                                                            <span class=\"eael-tab-title title-after-icon\" >Environmental responsibility<\/span>                                                    <\/li>\n                                            <li id=\"dimenzije\" class=\"inactive eael-tab-item-trigger eael-tab-nav-item\" aria-selected=\"false\" data-tab=\"4\" role=\"tab\" tabindex=\"-1\" aria-controls=\"dimenzije-tab\" aria-expanded=\"false\">\n                            \n                            \n                            \n                                                            <span class=\"eael-tab-title title-after-icon\" >Dimensions<\/span>                                                    <\/li>\n                                            <li id=\"napomene\" class=\"inactive eael-tab-item-trigger eael-tab-nav-item\" aria-selected=\"false\" data-tab=\"5\" role=\"tab\" tabindex=\"-1\" aria-controls=\"napomene-tab\" aria-expanded=\"false\">\n                            \n                            \n                            \n                                                            <span class=\"eael-tab-title title-after-icon\" >Notes<\/span>                                                    <\/li>\n                    \n                                  <\/ul>\n            <\/div>\n            \n            <div class=\"eael-tabs-content\">\n\t\t        \n                    <div id=\"proces-izrade-tab\" class=\"clearfix eael-tab-content-item active-default\" data-title-link=\"proces-izrade-tab\">\n\t\t\t\t        <p>Each Perla lamp is created as a unique story. Every lamp is designed and crafted individually, in accordance with the customer\u2019s wishes and following our own carefully developed production model. After precise computer-aided design and modeling, the lamp parts are produced using 3D printing technology, and then we manually assemble the electronics and all other components into the finished product. This creation method ensures that each Perla lamp is a one-of-a-kind piece made specifically for its recipient. Only after final cleaning and testing is the lamp ready for delivery.\u00a0<\/p><p>Each lamp is designed to be <strong>placed both on a flat surface and mounted on a wall.<span class=\"Apple-converted-space\">\u00a0<\/span><\/strong><\/p>                    <\/div>\n\t\t        \n                    <div id=\"rok-izrade-tab\" class=\"clearfix eael-tab-content-item inactive\" data-title-link=\"rok-izrade-tab\">\n\t\t\t\t        <p>It takes us 5-10 days to make the lamp, and if the lamp is needed sooner, feel free to contact us and we will see if we can make an exception at that moment.<span class=\"Apple-converted-space\">\u00a0<\/span><\/p>                    <\/div>\n\t\t        \n                    <div id=\"briga-za-okoli-tab\" class=\"clearfix eael-tab-content-item inactive\" data-title-link=\"briga-za-okoli-tab\">\n\t\t\t\t        <p data-start=\"714\" data-end=\"931\">We create Perla lamps with respect for nature, because we believe in beauty that's responsible. For this reason, we use high-quality biodegradable PLA filaments in the production of our lamps, which are considered an eco-friendly material.<\/p><p data-start=\"714\" data-end=\"931\">We also pay special attention to packaging, using biodegradable and protective materials whenever possible, in order to minimize our environmental impact.<\/p><p data-start=\"933\" data-end=\"1103\">We also want to ensure maximum durability. That is why we are always available for repairs, so that your lamp can shine for as long as possible.<\/p>                    <\/div>\n\t\t        \n                    <div id=\"dimenzije-tab\" class=\"clearfix eael-tab-content-item inactive\" data-title-link=\"dimenzije-tab\">\n\t\t\t\t        <p>The standard dimensions of the name lamps are approximately 20 cm in height, while the width depends on the length of the name and the selected font (around 50 cm).<span class=\"Apple-converted-space\">\u00a0<\/span><\/p><p>If you need a lamp with dimensions different from the standard, feel free to contact us.<\/p>                    <\/div>\n\t\t        \n                    <div id=\"napomene-tab\" class=\"clearfix eael-tab-content-item inactive\" data-title-link=\"napomene-tab\">\n\t\t\t\t        <p>Due to the biodegradable properties of the materials we use, our lamps are intended for indoor use only (for other applications, we can use other materials by arrangement).<\/p><p>Since we make lamp parts with 3D printers, due to their way of working, the lamps may have minor irregularities, but we always strive to ensure that these irregularities are absent or minimized.<span class=\"Apple-converted-space\">\u00a0<\/span><\/p><p>Each lamp is made exclusively to order and according to the customer\u2019s specifications. Therefore, in accordance with Article 86 of the Consumer Protection Act, returns are not possible.<\/p>                    <\/div>\n\t\t                    <\/div>\n        <\/div>\n\t\t\t\t<\/div>\n\t\t\t\t<\/div>\n\t\t\t\t<div class=\"elementor-element elementor-element-c984dfa elementor-hidden-desktop elementor-widget elementor-widget-eael-adv-tabs\" data-id=\"c984dfa\" data-element_type=\"widget\" data-e-type=\"widget\" data-widget_type=\"eael-adv-tabs.default\">\n\t\t\t\t<div class=\"elementor-widget-container\">\n\t\t\t\t\t        <div data-scroll-on-click=\"no\" data-scroll-speed=\"300\" id=\"eael-advance-tabs-c984dfa\" class=\"eael-advance-tabs eael-tabs-vertical eael-tab-auto-active eael-tab-toggle active-caret-on\" data-tabid=\"c984dfa\">\n            <div class=\"eael-tabs-nav\">\n                <ul class=\"\" role=\"tablist\">\n                                            <li id=\"proces-izrade\" class=\"active-default eael-tab-item-trigger eael-tab-nav-item\" aria-selected=\"true\" data-tab=\"1\" role=\"tab\" tabindex=\"0\" aria-controls=\"proces-izrade-tab\" aria-expanded=\"false\">\n                            \n                            \n                            \n                                                            <span class=\"eael-tab-title title-after-icon\" >Creating process<\/span>                                                    <\/li>\n                                            <li id=\"rok-izrade\" class=\"inactive eael-tab-item-trigger eael-tab-nav-item\" aria-selected=\"false\" data-tab=\"2\" role=\"tab\" tabindex=\"-1\" aria-controls=\"rok-izrade-tab\" aria-expanded=\"false\">\n                            \n                            \n                            \n                                                            <span class=\"eael-tab-title title-after-icon\" >Production time<\/span>                                                    <\/li>\n                                            <li id=\"briga-za-okoli\" class=\"inactive eael-tab-item-trigger eael-tab-nav-item\" aria-selected=\"false\" data-tab=\"3\" role=\"tab\" tabindex=\"-1\" aria-controls=\"briga-za-okoli-tab\" aria-expanded=\"false\">\n                            \n                            \n                            \n                                                            <span class=\"eael-tab-title title-after-icon\" >Environmental responsibility<\/span>                                                    <\/li>\n                                            <li id=\"dimenzije\" class=\"inactive eael-tab-item-trigger eael-tab-nav-item\" aria-selected=\"false\" data-tab=\"4\" role=\"tab\" tabindex=\"-1\" aria-controls=\"dimenzije-tab\" aria-expanded=\"false\">\n                            \n                            \n                            \n                                                            <span class=\"eael-tab-title title-after-icon\" >Dimensions<\/span>                                                    <\/li>\n                                            <li id=\"napomene\" class=\"inactive eael-tab-item-trigger eael-tab-nav-item\" aria-selected=\"false\" data-tab=\"5\" role=\"tab\" tabindex=\"-1\" aria-controls=\"napomene-tab\" aria-expanded=\"false\">\n                            \n                            \n                            \n                                                            <span class=\"eael-tab-title title-after-icon\" >Notes<\/span>                                                    <\/li>\n                    \n                                  <\/ul>\n            <\/div>\n            \n            <div class=\"eael-tabs-content\">\n\t\t        \n                    <div id=\"proces-izrade-tab\" class=\"clearfix eael-tab-content-item active-default\" data-title-link=\"proces-izrade-tab\">\n\t\t\t\t        <p>Each Perla lamp is created as a unique story. Every lamp is designed and crafted individually, in accordance with the customer\u2019s wishes and following our own carefully developed production model. After precise computer-aided design and modeling, the lamp parts are produced using 3D printing technology, and then we manually assemble the electronics and all other components into the finished product. This creation method ensures that each Perla lamp is a one-of-a-kind piece made specifically for its recipient. Only after final cleaning and testing is the lamp ready for delivery.\u00a0<\/p><p>Each lamp is designed to be <strong>placed both on a flat surface and mounted on a wall. <\/strong><\/p>                    <\/div>\n\t\t        \n                    <div id=\"rok-izrade-tab\" class=\"clearfix eael-tab-content-item inactive\" data-title-link=\"rok-izrade-tab\">\n\t\t\t\t        <p>Za izradu lampi potrebno nam je 5-10 dana, a ukoliko je lampa potrebna ranije, slobodno nas kontaktirajte pa \u0107emo vidjeti mo\u017eemo li u tome trenutku napraviti iznimku.<span class=\"Apple-converted-space\">\u00a0<\/span><\/p>                    <\/div>\n\t\t        \n                    <div id=\"briga-za-okoli-tab\" class=\"clearfix eael-tab-content-item inactive\" data-title-link=\"briga-za-okoli-tab\">\n\t\t\t\t        <p data-start=\"714\" data-end=\"931\">We create Perla lamps with respect for nature, because we believe in beauty that's responsible. For this reason, we use high-quality biodegradable PLA filaments in the production of our lamps, which are considered an eco-friendly material.<\/p><p data-start=\"714\" data-end=\"931\">We also pay special attention to packaging, using biodegradable and protective materials whenever possible, in order to minimize our environmental impact.<\/p><p data-start=\"933\" data-end=\"1103\">We also want to ensure maximum durability. That is why we are always available for repairs, so that your lamp can shine for as long as possible.<\/p>                    <\/div>\n\t\t        \n                    <div id=\"dimenzije-tab\" class=\"clearfix eael-tab-content-item inactive\" data-title-link=\"dimenzije-tab\">\n\t\t\t\t        <p>The standard dimensions of the name lamps are approximately 20 cm in height, while the width depends on the length of the name and the selected font (around 50 cm).<span class=\"Apple-converted-space\">\u00a0<\/span><\/p><p>If you need a lamp with dimensions different from the standard, feel free to contact us.<\/p>                    <\/div>\n\t\t        \n                    <div id=\"napomene-tab\" class=\"clearfix eael-tab-content-item inactive\" data-title-link=\"napomene-tab\">\n\t\t\t\t        <p>Due to the biodegradable properties of the materials we use, our lamps are intended for indoor use only (for other applications, we can use other materials by arrangement).<\/p><p>Since we make lamp parts with 3D printers, due to their way of working, the lamps may have minor irregularities, but we always strive to ensure that these irregularities are absent or minimized.<\/p><p>Each lamp is made exclusively to order and according to the customer\u2019s specifications. Therefore, in accordance with Article 86 of the Consumer Protection Act, returns are not possible.<\/p>                    <\/div>\n\t\t                    <\/div>\n        <\/div>\n\t\t\t\t<\/div>\n\t\t\t\t<\/div>\n\t\t\t\t\t<\/div>\n\t\t<\/div>\n\t\t\t\t\t<\/div>\n\t\t<\/section>\n\t\t\t\t<\/div>","protected":false},"excerpt":{"rendered":"<p>O lampama Proces izrade Rok izrade Briga za okoli\u0161 Dimenzije Napomene Svaka Perla lampa nastaje kao posebna pri\u010da. Svaku dizajniramo i izra\u0111ujemo zasebno, u skladu sa \u017eeljama kupca i prema na\u0161em vlastitom, pa\u017eljivo razvijenom modelu izrade. Nakon preciznog ra\u010dunalnog dizajniranja i modeliranja prilago\u0111enog \u017eeljama kupca, izra\u0111ujemo dijelove lampe 3D print tehnologijom, a zatim ru\u010dno spajamo elektroniku i sve ostale komponente u gotov proizvod. Upravo zbog takvog na\u010dina izrade, svaka Perla lampa je jedinstven komad stvoren upravo za tu osobu kojoj je namijenjena. Tek nakon zavr\u0161nog \u010di\u0161\u0107enja i testiranja, lampa je spremna za isporuku.\u00a0 Svaku lampu dizajniramo tako da mo\u017ee stajati i na ravnoj povr\u0161ini i na zidu.\u00a0 Za izradu lampe potrebno nam je 5-10 dana, a ukoliko je lampa potrebna ranije, slobodno nas kontaktirajte pa \u0107emo vidjeti mo\u017eemo li u tome trenutku napraviti iznimku.\u00a0 Perla lampe stvaramo s po\u0161tovanjem prema prirodi, jer vjerujemo da ljepota proizvoda treba i\u0107i ruku pod ruku s odgovorno\u0161\u0107u. Stoga za izradu lampi koristimo biorazgradive PLA filamente visoke kvalitete, koji se\u00a0 smatraju se ekolo\u0161ki prihvatljivim materijalom. Posebnu pa\u017enju posve\u0107ujemo i pakiranju, pa koristimo biorazgradivu ambala\u017eu i za\u0161titu kada god je to mogu\u0107e, kako bi na\u0161 utjecaj na okoli\u0161 sveli na najmanju mogu\u0107u mjeru. Tako\u0111er, \u017eelimo osigurati maksimalnu trajnost na\u0161ih proizvoda. Zato smo uvijek dostupni i za popravke u slu\u010daju eventualnih o\u0161te\u0107enja, kako bi va\u0161a lampa svijetlila \u0161to du\u017ee. Standardne dimenzije lampi s imenom su visine cca 20 cm, a \u0161irina ovisi o du\u017eini imena, kao i o odabranom fontu (cca 50 cm).\u00a0 Ukoliko vam je potrebna lampa druga\u010dijih dimenzija od standarda, slobodno nas kontaktirajte za dogovor. Zbog biorazgradivih svojstava materijala koje koristimo, na\u0161e lampe namijenjene samo za unutarnju upotrebu (za druge primjene, mo\u017eemo koristiti i druge materijale prema dogovoru). Obzirom da dijelove lampe izra\u0111ujemo 3D pisa\u010dima, zbog njihovog na\u010dina rada lampe mogu imati manje nepravilnosti, no uvijek nastojimo da tih nepravilnosti nema ili da su svedene na minimum.\u00a0 Svaku lampu izra\u0111ujemo isklju\u010divo prema narud\u017ebi i specifikaciji naru\u010ditelja, stoga sukladno \u010dl. 86. Zakona o za\u0161titi potro\u0161a\u010da, povrat nije mogu\u0107. Proces izrade Rok izrade Briga za okoli\u0161 Dimenzije Napomene Svaka Perla lampa nastaje kao posebna pri\u010da. Svaku dizajniramo i izra\u0111ujemo zasebno, u skladu sa \u017eeljama kupca i prema na\u0161em vlastitom, pa\u017eljivo razvijenom modelu izrade. Nakon preciznog ra\u010dunalnog dizajniranja i modeliranja prilago\u0111enog \u017eeljama kupca, izra\u0111ujemo dijelove lampe 3D print tehnologijom, a zatim ru\u010dno spajamo elektroniku i sve ostale komponente u gotov proizvod. Upravo zbog takvog na\u010dina izrade, svaka Perla lampa je jedinstven komad stvoren upravo za tu osobu kojoj je namijenjena. Tek nakon zavr\u0161nog \u010di\u0161\u0107enja i testiranja, lampa je spremna za isporuku.\u00a0 Svaku lampu dizajniramo tako da mo\u017ee stajati i na ravnoj povr\u0161ini i na zidu. Za izradu lampi potrebno nam je 5-10 dana, a ukoliko je lampa potrebna ranije, slobodno nas kontaktirajte pa \u0107emo vidjeti mo\u017eemo li u tome trenutku napraviti iznimku.\u00a0 Perla lampe stvaramo s po\u0161tovanjem prema prirodi, jer vjerujemo da ljepota proizvoda treba i\u0107i ruku pod ruku s odgovorno\u0161\u0107u. Stoga za izradu lampi koristimo biorazgradive PLA filamente visoke kvalitete, koji se\u00a0 smatraju se ekolo\u0161ki prihvatljivim materijalom. Posebnu pa\u017enju posve\u0107ujemo i pakiranju, pa koristimo biorazgradivu ambala\u017eu i za\u0161titu kada god je to mogu\u0107e, kako bi na\u0161 utjecaj na okoli\u0161 sveli na najmanju mogu\u0107u mjeru. Tako\u0111er, \u017eelimo osigurati maksimalnu trajnost na\u0161ih proizvoda. Zato smo uvijek dostupni i za popravke u slu\u010daju eventualnih o\u0161te\u0107enja, kako bi va\u0161a lampa svijetlila \u0161to du\u017ee. Standardne dimenzije lampi s imenom su visine cca 20 cm, a \u0161irina ovisi o du\u017eini imena, kao i o odabranom fontu (cca 50 cm).\u00a0 Ukoliko vam je potrebna lampa druga\u010dijih dimenzija od standarda, slobodno nas kontaktirajte za dogovor. Zbog biorazgradivih svojstava materijala koje koristimo, na\u0161e lampe namijenjene samo za unutarnju upotrebu (za druge primjene, mo\u017eemo koristiti i druge materijale prema dogovoru). Obzirom da dijelove lampe izra\u0111ujemo 3D pisa\u010dima, zbog njihovog na\u010dina rada lampe mogu imati manje nepravilnosti, no uvijek nastojimo da tih nepravilnosti nema ili da su svedene na minimum. Svaku lampu izra\u0111ujemo isklju\u010divo prema narud\u017ebi i specifikaciji naru\u010ditelja, stoga sukladno \u010dl. 86. Zakona o za\u0161titi potro\u0161a\u010da, povrat nije mogu\u0107.<\/p>","protected":false},"author":1,"featured_media":0,"parent":0,"menu_order":0,"comment_status":"closed","ping_status":"closed","template":"","meta":{"footnotes":""},"class_list":["post-4079","page","type-page","status-publish","hentry"],"aioseo_notices":[],"_links":{"self":[{"href":"https:\/\/personaliziranelampe.hr\/en\/wp-json\/wp\/v2\/pages\/4079","targetHints":{"allow":["GET"]}}],"collection":[{"href":"https:\/\/personaliziranelampe.hr\/en\/wp-json\/wp\/v2\/pages"}],"about":[{"href":"https:\/\/personaliziranelampe.hr\/en\/wp-json\/wp\/v2\/types\/page"}],"author":[{"embeddable":true,"href":"https:\/\/personaliziranelampe.hr\/en\/wp-json\/wp\/v2\/users\/1"}],"replies":[{"embeddable":true,"href":"https:\/\/personaliziranelampe.hr\/en\/wp-json\/wp\/v2\/comments?post=4079"}],"version-history":[{"count":70,"href":"https:\/\/personaliziranelampe.hr\/en\/wp-json\/wp\/v2\/pages\/4079\/revisions"}],"predecessor-version":[{"id":5740,"href":"https:\/\/personaliziranelampe.hr\/en\/wp-json\/wp\/v2\/pages\/4079\/revisions\/5740"}],"wp:attachment":[{"href":"https:\/\/personaliziranelampe.hr\/en\/wp-json\/wp\/v2\/media?parent=4079"}],"curies":[{"name":"wp","href":"https:\/\/api.w.org\/{rel}","templated":true}]}}