{"id":2687,"date":"2024-08-23T13:27:18","date_gmt":"2024-08-23T11:27:18","guid":{"rendered":"https:\/\/personaliziranelampe.hr\/?page_id=2687"},"modified":"2025-09-15T21:25:10","modified_gmt":"2025-09-15T19:25:10","slug":"info-o-dostavi","status":"publish","type":"page","link":"https:\/\/personaliziranelampe.hr\/en\/info-o-dostavi\/","title":{"rendered":"Info o dostavi"},"content":{"rendered":"<div data-elementor-type=\"wp-page\" data-elementor-id=\"2687\" class=\"elementor elementor-2687\" data-elementor-settings=\"{&quot;ha_cmc_init_switcher&quot;:&quot;no&quot;}\">\n\t\t\t\t\t\t<section class=\"elementor-section elementor-top-section elementor-element elementor-element-a6d9b2f elementor-section-boxed elementor-section-height-default elementor-section-height-default wpr-jarallax-no wpr-parallax-no wpr-sticky-section-no\" data-id=\"a6d9b2f\" data-element_type=\"section\" data-e-type=\"section\" data-settings=\"{&quot;_ha_eqh_enable&quot;:false}\">\n\t\t\t\t\t\t<div class=\"elementor-container elementor-column-gap-default\">\n\t\t\t\t\t<div class=\"elementor-column elementor-col-100 elementor-top-column elementor-element elementor-element-495f865\" data-id=\"495f865\" data-element_type=\"column\" data-e-type=\"column\">\n\t\t\t<div class=\"elementor-widget-wrap elementor-element-populated\">\n\t\t\t\t\t\t<div class=\"elementor-element elementor-element-0eb1687 elementor-widget elementor-widget-spacer\" data-id=\"0eb1687\" data-element_type=\"widget\" data-e-type=\"widget\" data-widget_type=\"spacer.default\">\n\t\t\t\t<div class=\"elementor-widget-container\">\n\t\t\t\t\t\t\t<div class=\"elementor-spacer\">\n\t\t\t<div class=\"elementor-spacer-inner\"><\/div>\n\t\t<\/div>\n\t\t\t\t\t\t<\/div>\n\t\t\t\t<\/div>\n\t\t\t\t\t<\/div>\n\t\t<\/div>\n\t\t\t\t\t<\/div>\n\t\t<\/section>\n\t\t\t\t<section class=\"elementor-section elementor-top-section elementor-element elementor-element-d7c8877 elementor-section-boxed elementor-section-height-default elementor-section-height-default wpr-jarallax-no wpr-parallax-no wpr-sticky-section-no elementor-invisible\" data-id=\"d7c8877\" data-element_type=\"section\" data-e-type=\"section\" data-settings=\"{&quot;background_background&quot;:&quot;classic&quot;,&quot;animation&quot;:&quot;fadeInUp&quot;,&quot;_ha_eqh_enable&quot;:false}\">\n\t\t\t\t\t\t<div class=\"elementor-container elementor-column-gap-default\">\n\t\t\t\t\t<div class=\"elementor-column elementor-col-100 elementor-top-column elementor-element elementor-element-591e18a\" data-id=\"591e18a\" data-element_type=\"column\" data-e-type=\"column\">\n\t\t\t<div class=\"elementor-widget-wrap elementor-element-populated\">\n\t\t\t\t\t\t<div class=\"elementor-element elementor-element-dc63f8a elementor-invisible elementor-widget elementor-widget-heading\" data-id=\"dc63f8a\" data-element_type=\"widget\" data-e-type=\"widget\" data-settings=\"{&quot;_animation&quot;:&quot;fadeIn&quot;}\" data-widget_type=\"heading.default\">\n\t\t\t\t<div class=\"elementor-widget-container\">\n\t\t\t\t\t<h2 class=\"elementor-heading-title elementor-size-default\">Shipping within Croatia is free!<\/h2>\t\t\t\t<\/div>\n\t\t\t\t<\/div>\n\t\t\t\t<div class=\"elementor-element elementor-element-74b811e elementor-widget elementor-widget-text-editor\" data-id=\"74b811e\" data-element_type=\"widget\" data-e-type=\"widget\" data-widget_type=\"text-editor.default\">\n\t\t\t\t<div class=\"elementor-widget-container\">\n\t\t\t\t\t\t\t\t\t<p>Other countries to which we currently send lamps are: AUSTRIA, GERMANY, FRANCE, BELGIUM, NETHERLANDS, POLAND, CZECH REPUBLIC, SLOVAKIA, ROMANIA, BULGARIA, SPAIN, DENMARK, SWEDEN, FINLAND, SLOVENIA, PORTUGAL, IRELAND, ITALY, HUNGARY, GREECE, ESTONIA, LITHUANIA, LATVIA and LUXEMBOURG.<\/p><p>The price list for international delivery (GLS delivery service) is calculated at the time of payment.<\/p><p>Delivery time for Croatia is 1-3 business days, and for international orders, it is up to 5-20 business days.<\/p><p>Delivery will be made to a home or business address provided by the customer during the purchase. Therefore, please ensure you verify the address and contact number provided for shipping before finalizing your order to avoid delivery issues.<\/p><p>We do not influence postal delivery services or potential customs delays.<\/p><p>Additionally, when providing a contact number, it is important to include your international dialing code if you are located outside Croatia.<\/p>\t\t\t\t\t\t\t\t<\/div>\n\t\t\t\t<\/div>\n\t\t\t\t\t<\/div>\n\t\t<\/div>\n\t\t\t\t\t<\/div>\n\t\t<\/section>\n\t\t\t\t<section class=\"elementor-section elementor-top-section elementor-element elementor-element-26e68e5 elementor-section-boxed elementor-section-height-default elementor-section-height-default wpr-jarallax-no wpr-parallax-no wpr-sticky-section-no\" data-id=\"26e68e5\" data-element_type=\"section\" data-e-type=\"section\" data-settings=\"{&quot;_ha_eqh_enable&quot;:false}\">\n\t\t\t\t\t\t<div class=\"elementor-container elementor-column-gap-default\">\n\t\t\t\t\t<div class=\"elementor-column elementor-col-100 elementor-top-column elementor-element elementor-element-fc5cfbf\" data-id=\"fc5cfbf\" data-element_type=\"column\" data-e-type=\"column\">\n\t\t\t<div class=\"elementor-widget-wrap elementor-element-populated\">\n\t\t\t\t\t\t<div class=\"elementor-element elementor-element-a742b0d elementor-widget elementor-widget-spacer\" data-id=\"a742b0d\" data-element_type=\"widget\" data-e-type=\"widget\" data-widget_type=\"spacer.default\">\n\t\t\t\t<div class=\"elementor-widget-container\">\n\t\t\t\t\t\t\t<div class=\"elementor-spacer\">\n\t\t\t<div class=\"elementor-spacer-inner\"><\/div>\n\t\t<\/div>\n\t\t\t\t\t\t<\/div>\n\t\t\t\t<\/div>\n\t\t\t\t\t<\/div>\n\t\t<\/div>\n\t\t\t\t\t<\/div>\n\t\t<\/section>\n\t\t\t\t<\/div>","protected":false},"excerpt":{"rendered":"<p>Dostava za podru\u010dje Hrvatske je besplatna! Ostale zemlje u koje trenutno \u0161aljemo lampe su: AUSTRIJA, NJEMA\u010cKA, FRANCUSKA, BELGIJA, NIZOZEMSKA, POLJSKA, \u010cE\u0160KA, SLOVA\u010cKA, RUMUNJSKA, BUGARSKA, \u0160PANJOLSKA, DANSKA, \u0160VEDSKA, FINSKA, SLOVENIJA, PORTUGAL, IRSKA, ITALIJA, MA\u0110ARSKA, GR\u010cKA, ESTONIJA, LITVA,\u00a0 LATVIJA i LUKSEMBURG. Cjenik dostave u inozemstvo (GLS dostavna slu\u017eba) obra\u010dunava se prilikom naplate. Vrijeme dostave za Hrvatsku je 1-3 radna dana, a za inozemstvo do 5-20 radnih dana. Dostava se vr\u0161i na ku\u0107nu ili poslovnu adresu koju je kupac naveo prilikom kupnje. Stoga prije zaklju\u010denja narud\u017ebe obavezno provjerite adresu i kontakt broj koju ste naveli za slanje paketa kako bismo bili sigurni da ne\u0107e do\u0107i do isporuke na pogre\u0161nu adresu. Ne utje\u010demo na isporuku po\u0161tanskih usluga niti na eventualno zadr\u017eavanje carine. Tako\u0111er, kada dajete kontakt broj, va\u017eno je navesti svoj me\u0111unarodni pozivni broj za svoju zemlju ako se nalazite izvan Hrvatske.<\/p>","protected":false},"author":1,"featured_media":0,"parent":0,"menu_order":0,"comment_status":"closed","ping_status":"closed","template":"","meta":{"footnotes":""},"class_list":["post-2687","page","type-page","status-publish","hentry"],"aioseo_notices":[],"_links":{"self":[{"href":"https:\/\/personaliziranelampe.hr\/en\/wp-json\/wp\/v2\/pages\/2687","targetHints":{"allow":["GET"]}}],"collection":[{"href":"https:\/\/personaliziranelampe.hr\/en\/wp-json\/wp\/v2\/pages"}],"about":[{"href":"https:\/\/personaliziranelampe.hr\/en\/wp-json\/wp\/v2\/types\/page"}],"author":[{"embeddable":true,"href":"https:\/\/personaliziranelampe.hr\/en\/wp-json\/wp\/v2\/users\/1"}],"replies":[{"embeddable":true,"href":"https:\/\/personaliziranelampe.hr\/en\/wp-json\/wp\/v2\/comments?post=2687"}],"version-history":[{"count":100,"href":"https:\/\/personaliziranelampe.hr\/en\/wp-json\/wp\/v2\/pages\/2687\/revisions"}],"predecessor-version":[{"id":4997,"href":"https:\/\/personaliziranelampe.hr\/en\/wp-json\/wp\/v2\/pages\/2687\/revisions\/4997"}],"wp:attachment":[{"href":"https:\/\/personaliziranelampe.hr\/en\/wp-json\/wp\/v2\/media?parent=2687"}],"curies":[{"name":"wp","href":"https:\/\/api.w.org\/{rel}","templated":true}]}}