{"id":2278,"date":"2024-07-30T14:22:02","date_gmt":"2024-07-30T12:22:02","guid":{"rendered":"https:\/\/personaliziranelampe.hr\/?page_id=2278"},"modified":"2024-08-24T00:41:18","modified_gmt":"2024-08-23T22:41:18","slug":"izjava-o-privatnosti","status":"publish","type":"page","link":"https:\/\/personaliziranelampe.hr\/en\/izjava-o-privatnosti\/","title":{"rendered":"Izjava o privatnosti"},"content":{"rendered":"<div data-elementor-type=\"wp-page\" data-elementor-id=\"2278\" class=\"elementor elementor-2278\" data-elementor-settings=\"{&quot;ha_cmc_init_switcher&quot;:&quot;no&quot;}\">\n\t\t\t\t\t\t<section class=\"elementor-section elementor-top-section elementor-element elementor-element-a1b24ab elementor-section-stretched elementor-section-boxed elementor-section-height-default elementor-section-height-default wpr-jarallax-no wpr-parallax-no wpr-sticky-section-no\" data-id=\"a1b24ab\" data-element_type=\"section\" data-e-type=\"section\" data-settings=\"{&quot;stretch_section&quot;:&quot;section-stretched&quot;,&quot;_ha_eqh_enable&quot;:false}\">\n\t\t\t\t\t\t<div class=\"elementor-container elementor-column-gap-default\">\n\t\t\t\t\t<div class=\"elementor-column elementor-col-100 elementor-top-column elementor-element elementor-element-882c5f1\" data-id=\"882c5f1\" data-element_type=\"column\" data-e-type=\"column\">\n\t\t\t<div class=\"elementor-widget-wrap elementor-element-populated\">\n\t\t\t\t\t\t<div class=\"elementor-element elementor-element-b87b9c9 elementor-widget elementor-widget-heading\" data-id=\"b87b9c9\" data-element_type=\"widget\" data-e-type=\"widget\" data-widget_type=\"heading.default\">\n\t\t\t\t<div class=\"elementor-widget-container\">\n\t\t\t\t\t<h2 class=\"elementor-heading-title elementor-size-default\">PRIVACY STATEMENT<\/h2>\t\t\t\t<\/div>\n\t\t\t\t<\/div>\n\t\t\t\t\t<\/div>\n\t\t<\/div>\n\t\t\t\t\t<\/div>\n\t\t<\/section>\n\t\t\t\t<section class=\"elementor-section elementor-top-section elementor-element elementor-element-2939eb10 elementor-section-stretched elementor-section-boxed elementor-section-height-default elementor-section-height-default wpr-jarallax-no wpr-parallax-no wpr-sticky-section-no\" data-id=\"2939eb10\" data-element_type=\"section\" data-e-type=\"section\" data-settings=\"{&quot;stretch_section&quot;:&quot;section-stretched&quot;,&quot;_ha_eqh_enable&quot;:false}\">\n\t\t\t\t\t\t<div class=\"elementor-container elementor-column-gap-default\">\n\t\t\t\t\t<div class=\"elementor-column elementor-col-100 elementor-top-column elementor-element elementor-element-3a86f371\" data-id=\"3a86f371\" data-element_type=\"column\" data-e-type=\"column\">\n\t\t\t<div class=\"elementor-widget-wrap elementor-element-populated\">\n\t\t\t\t\t\t<div class=\"elementor-element elementor-element-500b0e32 elementor-widget elementor-widget-text-editor\" data-id=\"500b0e32\" data-element_type=\"widget\" data-e-type=\"widget\" data-widget_type=\"text-editor.default\">\n\t\t\t\t<div class=\"elementor-widget-container\">\n\t\t\t\t\t\t\t\t\t<p><\/p>\n<p>PRIVACY STATEMENT<\/p>\n<p>In accordance with the provisions of the Consumer Protection Act (\"Official Gazette\" No. 41\/14), Article 11, PERLA does not disclose personal data of customers to third parties without prior explicit and written consent from the customer and collects only essential data about customers\/users.<\/p>\n<p>We are committed to applying maximum security measures to protect customer interests and prevent potential misuse of information. In the process of completing a purchase, we will only use the information that is necessary.<\/p>\n<p>Customers are regularly given the option to choose whether their data will be used, including the option to decide whether or not their name should be removed from lists used for marketing campaigns.<\/p>\n<p>All customer data is strictly confidential and available only to employees for whom the data is necessary for business operations. It will not be sold, disclosed, or provided to third parties. All employees are responsible for adhering to privacy protection principles.<\/p>\n<p>USE OF COOKIES<\/p>\n<p>The PERLA online store (www.personaliziranelampe.hr) uses cookies \u2013 text files placed on the user's\/visitor's computer by the web server used by the visitor. Cookies are created when a browser on the user's device loads the visited web pages, which then send data back to the browser to create a text file (cookie). The browser retrieves and sends the file back to the web server when the user returns, providing users with more online options and a better user experience.<\/p>\n<p>It is important to note that the PERLA website (www.personaliziranelampe.hr) cannot access other files on the user's computer or obtain information that the user has not previously provided. It does not contain cookies that enable the running of programs or placing viruses on your computer.<\/p>\n<p>The data collected includes the user's IP address, browser data, language, operating system, and other standard statistical data collected and analyzed only in an anonymous and aggregate form.<\/p>\n<p>If you do not agree with the use of cookies, you can easily delete (or block) them on your computer or mobile device using your browser settings.<\/p>\n<p>Since the purpose of cookies is to enhance and enable the use of our website and its processes, please be aware that blocking or deleting cookies may prevent certain features of this site from functioning properly or may cause it to behave differently and appear differently in your browser.<\/p>\n<p>By using this website, you agree to the method of data collection and use described in this Statement, and to the storage and access of cookies on your device.<\/p>\n<p><\/p>\t\t\t\t\t\t\t\t<\/div>\n\t\t\t\t<\/div>\n\t\t\t\t\t<\/div>\n\t\t<\/div>\n\t\t\t\t\t<\/div>\n\t\t<\/section>\n\t\t\t\t<\/div>","protected":false},"excerpt":{"rendered":"<p>IZJAVA O PRIVATNOSTI IZJAVA O PRIVATNOSTI Sukladno odredbama Zakona o za\u0161titi potro\u0161a\u010da (\u201cNarodne novine\u201d broj 41\/14), \u010dlanak 11., PERLA ne ustupa osobne podatke kupaca tre\u0107oj osobi bez prethodnog izri\u010ditog i pisanog odobrenja kupca te prikuplja isklju\u010divo osnovne podatke o kupcima\/korisnicima. Obvezujemo se primjenjivati maksimalne mjere sigurnosti u svrhu za\u0161tite interesa kupaca i sprje\u010davanja eventualnih zlouporaba informacija. U procesu realizacije kupovine koristit \u0107emo samo informacije koje su nu\u017ene. Redovito se kupcima daje mogu\u0107nost izbora o upotrebi njihovih podataka, uklju\u010duju\u0107i mogu\u0107nost odluke \u017eele li ili ne da se njihovo ime ukloni s lista koje se koriste za marketin\u0161ke kampanje. Svi se podaci o kupcima strogo \u010duvaju i dostupni su isklju\u010divo djelatnicima kojima su navedeni podaci nu\u017eni u poslovanju te ne\u0107e biti prodani, iznijeti ili dati tre\u0107oj strani.\u00a0Svi djelatnici odgovorni su za po\u0161tivanje na\u010dela za\u0161tite privatnosti. PRIMJENA KOLA\u010cI\u0106A Na PERLA internetskoj trgovini (www.personaliziranelampe.hr) koriste se tzv.\u00a0kola\u010di\u0107i\u00a0(cookies) \u2013 tekstualne datoteke koje na ra\u010dunalo korisnika\/posjetitelja smje\u0161ta web poslu\u017eitelj kojim se posjetitelj koristi. Datoteke nastaju kada preglednik na ure\u0111aju korisnika u\u010dita internetske stranice koje je posjetio, koje potom \u0161alju podatke pregledniku koji zatim izra\u0111uje tekstualnu datoteku (kola\u010di\u0107). Preglednik dohva\u0107a i \u0161alje datoteku na poslu\u017eitelj web stranica (mjesta, stranice) prilikom povratka korisnika na njega te se tako korisnicima pru\u017ea vi\u0161e online mogu\u0107nosti i bolji korisni\u010dki do\u017eivljaj. Bitno je naglasiti da PERLA internetska stranica (www.personaliziranelampe.hr)\u00a0ne mo\u017ee pristupiti drugim datotekama na ra\u010dunalu korisnika ili dobiti pristup informacijama koje korisnik ranije nije dao. Ne sadr\u017ei\u00a0kola\u010di\u0107e koji omogu\u0107uju pokretanje programa ili postavljanje virusa na Va\u0161e ra\u010dunalo. Podaci koji se prikupljaju uklju\u010duju IP adresu korisnika, podatke o pregledniku, jeziku, operativnom sustavu i druge standardne statisti\u010dke podatke koji se prikupljaju i analiziraju isklju\u010divo u anonimnom i masovnom obliku. Ako niste suglasni upotrebom kola\u010di\u0107a, mo\u017eete ih lako izbrisati (ili sprije\u010diti) na ra\u010dunalu ili mobilnom ure\u0111aju pomo\u0107u postavki Va\u0161eg preglednika. Kako je svrha kola\u010di\u0107a pobolj\u0161anje i omogu\u0107ivanje upotrebe na\u0161eg web mjesta\u00a0i njegovih procesa, imajte na umu da sprje\u010davanjem ili brisanjem kola\u010di\u0107a mo\u017eete onemogu\u0107iti funkcioniranje zna\u010dajki ove stranice ili prouzro\u010diti njezin druga\u010diji rad i izgled u va\u0161em pregledniku. Upotrebom ove internetske stranice suglasni ste s na\u010dinom prikupljanja i upotrebe podataka opisanim u ovoj Izjavi te pohranom i pristupom kola\u010di\u0107ima na va\u0161em ure\u0111aju.<\/p>","protected":false},"author":1,"featured_media":0,"parent":0,"menu_order":0,"comment_status":"closed","ping_status":"closed","template":"","meta":{"footnotes":""},"class_list":["post-2278","page","type-page","status-publish","hentry"],"aioseo_notices":[],"_links":{"self":[{"href":"https:\/\/personaliziranelampe.hr\/en\/wp-json\/wp\/v2\/pages\/2278","targetHints":{"allow":["GET"]}}],"collection":[{"href":"https:\/\/personaliziranelampe.hr\/en\/wp-json\/wp\/v2\/pages"}],"about":[{"href":"https:\/\/personaliziranelampe.hr\/en\/wp-json\/wp\/v2\/types\/page"}],"author":[{"embeddable":true,"href":"https:\/\/personaliziranelampe.hr\/en\/wp-json\/wp\/v2\/users\/1"}],"replies":[{"embeddable":true,"href":"https:\/\/personaliziranelampe.hr\/en\/wp-json\/wp\/v2\/comments?post=2278"}],"version-history":[{"count":3,"href":"https:\/\/personaliziranelampe.hr\/en\/wp-json\/wp\/v2\/pages\/2278\/revisions"}],"predecessor-version":[{"id":2844,"href":"https:\/\/personaliziranelampe.hr\/en\/wp-json\/wp\/v2\/pages\/2278\/revisions\/2844"}],"wp:attachment":[{"href":"https:\/\/personaliziranelampe.hr\/en\/wp-json\/wp\/v2\/media?parent=2278"}],"curies":[{"name":"wp","href":"https:\/\/api.w.org\/{rel}","templated":true}]}}