{"id":2273,"date":"2024-07-30T14:19:33","date_gmt":"2024-07-30T12:19:33","guid":{"rendered":"https:\/\/personaliziranelampe.hr\/?page_id=2273"},"modified":"2025-09-15T21:39:33","modified_gmt":"2025-09-15T19:39:33","slug":"opci-uvjeti-poslovanja","status":"publish","type":"page","link":"https:\/\/personaliziranelampe.hr\/en\/opci-uvjeti-poslovanja\/","title":{"rendered":"Op\u0107i uvjeti poslovanja"},"content":{"rendered":"<div data-elementor-type=\"wp-page\" data-elementor-id=\"2273\" class=\"elementor elementor-2273\" data-elementor-settings=\"{&quot;ha_cmc_init_switcher&quot;:&quot;no&quot;}\">\n\t\t\t\t\t\t<section class=\"elementor-section elementor-top-section elementor-element elementor-element-a1b24ab elementor-section-stretched elementor-section-boxed elementor-section-height-default elementor-section-height-default wpr-jarallax-no wpr-parallax-no wpr-sticky-section-no\" data-id=\"a1b24ab\" data-element_type=\"section\" data-e-type=\"section\" data-settings=\"{&quot;stretch_section&quot;:&quot;section-stretched&quot;,&quot;_ha_eqh_enable&quot;:false}\">\n\t\t\t\t\t\t<div class=\"elementor-container elementor-column-gap-default\">\n\t\t\t\t\t<div class=\"elementor-column elementor-col-100 elementor-top-column elementor-element elementor-element-882c5f1\" data-id=\"882c5f1\" data-element_type=\"column\" data-e-type=\"column\">\n\t\t\t<div class=\"elementor-widget-wrap elementor-element-populated\">\n\t\t\t\t\t\t<div class=\"elementor-element elementor-element-b87b9c9 elementor-widget elementor-widget-heading\" data-id=\"b87b9c9\" data-element_type=\"widget\" data-e-type=\"widget\" data-widget_type=\"heading.default\">\n\t\t\t\t<div class=\"elementor-widget-container\">\n\t\t\t\t\t<h2 class=\"elementor-heading-title elementor-size-default\">GENERAL TERMS OF BUSINESS<\/h2>\t\t\t\t<\/div>\n\t\t\t\t<\/div>\n\t\t\t\t\t<\/div>\n\t\t<\/div>\n\t\t\t\t\t<\/div>\n\t\t<\/section>\n\t\t\t\t<section class=\"elementor-section elementor-top-section elementor-element elementor-element-2939eb10 elementor-section-stretched elementor-section-boxed elementor-section-height-default elementor-section-height-default wpr-jarallax-no wpr-parallax-no wpr-sticky-section-no\" data-id=\"2939eb10\" data-element_type=\"section\" data-e-type=\"section\" data-settings=\"{&quot;stretch_section&quot;:&quot;section-stretched&quot;,&quot;_ha_eqh_enable&quot;:false}\">\n\t\t\t\t\t\t<div class=\"elementor-container elementor-column-gap-default\">\n\t\t\t\t\t<div class=\"elementor-column elementor-col-100 elementor-top-column elementor-element elementor-element-3a86f371\" data-id=\"3a86f371\" data-element_type=\"column\" data-e-type=\"column\">\n\t\t\t<div class=\"elementor-widget-wrap elementor-element-populated\">\n\t\t\t\t\t\t<div class=\"elementor-element elementor-element-500b0e32 elementor-widget elementor-widget-text-editor\" data-id=\"500b0e32\" data-element_type=\"widget\" data-e-type=\"widget\" data-widget_type=\"text-editor.default\">\n\t\t\t\t<div class=\"elementor-widget-container\">\n\t\t\t\t\t\t\t\t\t<p>GENERAL TERMS OF BUSINESS<\/p>\n<p>Please read these General Terms of Use carefully before using the website www.personaliziranelampe.hr to purchase products or obtain information about specific products.<\/p>\n<p>The holder of all rights to the website www.personaliziranelampe.hr is PERLA, a craft business for production, trade, and specialized activities, owned by Mirjana Lon\u010dar, Privlaka, Josipa Juraja Strossmayera 6, VAT ID: 30973038978, Company ID: 98833707, Email: perla@personaliziranelampe.hr (hereinafter: PERLA), which provides the service of sales through its service \u2013 Web shop (hereinafter: Web shop).<\/p>\n<p>By using the Web shop and all associated pages and services on the domain www.personaliziranelampe.hr, consumers are considered to be acquainted with these Sales Terms (hereinafter: Terms) at all times and to fully understand and accept them. These Terms apply to the rights and obligations related to purchasing products through the Web shop and the rights and obligations arising from the conclusion of a Distance Sales Contract (hereinafter: Contract) between the consumer as the end customer and the Web shop.<\/p>\n<p>The provider of the internet sales service through the Web shop is PERLA.<\/p>\n<p>A customer is any legal or natural person who places an order and makes payment through the online store (www.personaliziranelampe.hr).<\/p>\n<p>All content on the Web Shop PERLA website and General Terms are subject to changes by the Seller, and Users are advised to familiarize themselves with these Terms before making a purchase and to check them regularly to stay informed about all user rights and obligations. The Seller is not responsible for any consequences of the User or Buyer\u2019s failure to do so.<\/p>\n<p>PERLA reserves the right to change these Terms at any time without prior notice and will not be responsible for any consequences arising from such changes. Changes take effect upon publication on these websites.<\/p>\n<p>These General Terms of Online Purchase regulate the relationship between Users or Buyers of the PERLA Web Shop and the Seller regarding the use of the web shop, ordering products, payment and production of products, delivery of products, receipt of products, complaints and returns, contract duration, confidentiality of personal data, and other matters related to the use of the Web Shop and online purchase, all in accordance with applicable regulations, primarily the Trade Act, the Electronic Commerce Act, the Consumer Protection Act, and the Obligations Act.<\/p>\n<ol>\n<li><strong> PURCHASE TERMS<\/strong><\/li>\n<\/ol>\n<p>The supplier of the ordered goods is PERLA, which enables the purchase of its products via the Internet store to the customer's delivery address.<\/p>\n<p>The customer is a natural or legal person who orders a product and pays for the delivery service through the Web shop.<\/p>\n<p>Products are delivered at the prices valid on the day of ordering, and all prices are expressed in EUR (VAT is included in the price). Prices, payment terms, and promotional offers are valid only at the time of ordering and may change without prior notice.<\/p>\n<p>PERLA reserves the right not to deliver an order if there is suspicion of misuse.<\/p>\n<p><strong>1.1. Use of the Web Shop Service<\/strong><\/p>\n<p>The customer is responsible for the accuracy and completeness of the data entered during registration and purchase.<br \/>If any changes occur in the data you entered during the purchase, please notify us as soon as possible via email: perla@personaliziranelampe.hr.<\/p>\n<p><strong>1.2. Ordering Products<\/strong><\/p>\n<p>Products are ordered electronically, and ordering through the online store is possible 24 hours a day, 7 days a week. <br \/>By pressing the \"Add to Cart\" button, the selected product is added to the shopping cart. Products are considered ordered when the customer completes the entire \"Checkout\" process.<\/p>\n<p><strong>1.3. Payment and Production of Products<\/strong><\/p>\n<p>Since products are made according to the customer's specific requirements, during the order, the customer selects all key items for product production, and by placing the order, confirms that the product is clearly tailored to the customer's wishes and needs, thus waiving the right to unilateral contract termination by the customer.<\/p>\n<p>The invoice that the customer will receive by email represents confirmation of the concluded contract. We issue invoices electronically to the email address provided at the time of order.<br \/>If you require a physical invoice, please mention it in the note or contact us to have it delivered with the order.<\/p>\n<p>The customer agrees to pay for the ordered products to PERLA, and payment on the PERLA Web shop can be made via bank transfer, i.e., payment to the craft\u2019s account.<\/p>\n<p>After completing the purchase with the \"Bank Transfer\" option, you will receive payment details via email. The invoice can be paid via internet banking or general payment at a bank, post office, or FINA.<\/p>\n<p>Upon receipt of funds in our business account, the product(s) will be manufactured according to the customer's specification, and production requires 7-14 days. If the customer needs the product before this period, please contact us to see if we can make an exception at that time.<\/p>\n<p>If a product cannot be manufactured for any reason, the customer will be informed and offered a similar replacement product or a refund.<\/p>\n<p><strong>1.4. Product Delivery<\/strong><\/p>\n<p>Isporuka paketa vr\u0161i se dostavom na adresu, putem\u00a0 kurirske slu\u017ebe MBE &#8211; Mail Boxes Etc. Dostavna slu\u017eba prikuplja narud\u017ebe na dnevnoj bazi te ih vlastitim dostavnim vozilima svaki radni dan dostavlja na adrese kupaca. PERLA se ne mo\u017ee smatrati odgovornim zbog ka\u0161njenja u dostavi prouzrokovanih dostavnom slu\u017ebom ili \u201cvi\u0161om silom\u201d.<\/p>\n<p>Delivery is made within Croatia and to all EU member countries: Austria, Belgium, Bulgaria, Czech Republic, Cyprus, Denmark, Estonia, Finland, France, Greece, Ireland, Italy, Latvia, Lithuania, Luxembourg, Hungary, Malta, Netherlands, Germany, Poland, Portugal, Romania, Slovakia, Slovenia, Spain, and Sweden.<\/p>\n<p>The usual delivery time for products within Croatia is 2-5 business days, although most shipments are delivered the next day.<\/p>\n<p>Delivery to countries outside Croatia can take up to 20 business days, typically within 5 to 10 business days.<\/p>\n<p>The delivery price for EU member countries is charged based on the country to which the package is sent. <br \/>After filling in the delivery information, the price for the requested country will be displayed before payment.<\/p>\n<p>Delivery speed may vary during holidays, non-working days, large sales events, and other situations where delivery difficulties may occur.<\/p>\n<p>If you require delivery on a specific date, please indicate this in the order note or contact us directly with the note.<\/p>\n<p><strong>1.5. Package Receipt<\/strong><\/p>\n<p>Products will be packaged to avoid damage during normal handling in transport. This does not mean that the package cannot be damaged during transport. Therefore, the customer or the person authorized by the customer to receive the package must check for any EXTERNAL damage to the package and immediately report it to the courier or photograph and refuse to accept such a package.<\/p>\n<p>In this case, please contact us as soon as possible so we can promptly check the condition of the shipment and arrange further action for the related order or shipment.<\/p>\n<p>After signing for receipt of the package, the customer or the person authorized to receive the package confirms that the product had no visible external defects.<\/p>\n<p><strong>1.6. Product Complaints<\/strong><\/p>\n<p>Since each product (lamp) is made individually according to the order and consumer specification, the right to unilateral contract termination is lost, and returns are not possible (Consumer Protection Act, Article 86).<\/p>\n<p>Due to the production process, lamps may have minor imperfections, but we always strive to minimize such imperfections. If minor imperfections do not affect the quality and functionality of the product, they are not recognized as product defects.<\/p>\n<p>In the case of damage during delivery, incorrect delivery of goods, or if the received product is defective\/damaged, please contact us by email at perla@personaliziranelampe.hr within two business days of receiving the shipment.<\/p>\n<p>All complaints will be resolved as quickly as possible. In these cases, PERLA covers all costs of replacing the product.\u00a0<\/p>\n<p><!-- \/wp:paragraph --><\/p>\t\t\t\t\t\t\t\t<\/div>\n\t\t\t\t<\/div>\n\t\t\t\t\t<\/div>\n\t\t<\/div>\n\t\t\t\t\t<\/div>\n\t\t<\/section>\n\t\t\t\t<\/div>","protected":false},"excerpt":{"rendered":"<p>OP\u0106I UVJETI POSLOVANJA OP\u0106I UVJETI POSLOVANJA Molimo Vas da pa\u017eljivo pro\u010ditate ove Op\u0107e uvjete kori\u0161tenja usluge online kupovine prije kori\u0161tenja web stranice www.personaliziranelampe.hr u svrhu ostvarivanja kupnje proizvoda ogla\u0161enih na istoj ili dobivanja informacija o pojedinom proizvodu. Nositelj svih prava na internet stranici\u00a0www.personaliziranelampe.hr\u00a0je\u00a0PERLA, obrt za proizvodnju, trgovinu i specijalizirane djelatnosti, vl. Mirjana Lon\u010dar, Privlaka, Josipa Juraja Strossmayera 6, OIB: 30973038978, MBO: 98833707, E-mail: perla@personaliziranelampe.hr (u daljnjem tekstu:\u00a0PERLA)\u00a0koji putem navedene stranice pru\u017ea uslugu prodaje putem svog servisa \u2013 Web shop (dalje u tekstu:\u00a0Web shop). Kori\u0161tenjem usluge Web shopa i svih pridru\u017eenih stranica i servisa na domeni\u00a0www.personaliziranelampe.hr\u00a0smatra se da su potro\u0161a\u010di u svakom trenutku upoznati s ovim Uvjetima prodaje (dalje u tekstu: Uvjeti), te da ih u cijelosti razumiju i prihva\u0107aju. Ovi Uvjeti primjenjuju se na prava i obveze koja se odnose na kupnju proizvoda putem Web shopa te prava i obveze koje proizlaze iz sklapanja Ugovora o prodaji na daljinu (dalje u tekstu: Ugovor) izme\u0111u potro\u0161a\u010da kao krajnjeg kupca i Web shopa. Pru\u017eatelj usluge internet prodaje putem Web shopa je PERLA. Kupac je svaka pravna i fizi\u010dka osoba koja izvr\u0161i narud\u017ebu i pla\u0107anje putem internet trgovine\u00a0(www.personaliziranelampe.hr). Sav sadr\u017eaj stranice Web Shop PERLA kao i Op\u0107i uvjeti podlo\u017eni su izmjenama od strane Prodavatelja te Korisnike upu\u0107ujemo da se prije kupnje upoznaju s ovim Uvjetima te da iste redovito provjeravaju, kako bi bili upoznati sa svim korisni\u010dkim pravima i obvezama. Prodavatelj ne snosi nikakvu odgovornost zbog propu\u0161tanja Korisnika odnosno Kupca da to u\u010dini. PERLA pridr\u017eava pravo izmjene ovih Uvjeta u svako doba bez obaveze prethodne najave te ne\u0107e biti odgovoran ni za kakve mogu\u0107e posljedice proiza\u0161le iz takvih promjena. Navedene promjene stupaju na snagu objavljivanjem na ovim internet stranicama. Ovim Op\u0107im uvjetima online kupovine ure\u0111uju se odnosi izme\u0111u Korisnika, odnosno Kupaca Web Shop-a\u00a0PERLA\u00a0i Prodavatelja, a u odnosu na uvjete i na\u010din kori\u0161tenja web shopa, naru\u010divanja proizvoda, pla\u0107anja i izrade proizvoda, dostave proizvoda, preuzimanja proizvoda, reklamacije i povrata proizvoda, trajanja ugovora, tajnosti osobnih podataka i druga pitanja vezana uz kori\u0161tenje Web Shop-a i online kupnju, sve u skladu s va\u017ee\u0107im propisima, prvenstveno\u00a0Zakonom o trgovini, Zakonom o elektroni\u010dkoj trgovini, Zakonom o za\u0161titi potro\u0161a\u010da i Zakonom o obveznim odnosima. UVJETI KUPNJE Isporu\u010ditelj naru\u010dene robe je PERLA, koji putem Internet trgovine omogu\u0107uje kupnju svojih proizvoda, a prema adresi dostave kupca. Kupac je fizi\u010dka ili pravna osoba koja naru\u010duje proizvod i pla\u0107a uslugu dostave proizvoda\u00a0Prodavatelju, posredstvom Web shopa. Proizvodi se isporu\u010duju po cijenama va\u017ee\u0107im na dan naru\u010divanja, a sve cijene se izra\u017eene u valuti EUR (PDV je ura\u010dunat u cijenu). Cijene, uvjeti pla\u0107anja i akcijske ponude vrijede isklju\u010divo u trenutku narud\u017ebe i mogu se promijeniti bez prethodne najave. PERLA zadr\u017eava pravo ne isporuke narud\u017ebe ukoliko postoji sumnja na zlouporabu. 1.1. Kori\u0161tenje usluge web shopa Kupac snosi odgovornost za to\u010dnost i potpunost unesenih podataka prilikom registracije i kupnje.Ukoliko do\u0111e do bilo kakve promjene podataka koje ste unijeli prilikom kupnje, molimo Vas da nas u \u010dim skorijem roku obavijestite o nastalim promjenama putem e-mail adrese:\u00a0perla@personaliziranelampe.hr 1.2. Naru\u010divanje proizvoda Proizvodi se naru\u010duju elektroni\u010dkim putem, a naru\u010divanje robe putem internetske trgovine mogu\u0107e je 24 sata na dan, 7 dana u tjednu. Pritiskom gumba \u201eU ko\u0161aricu\u201c, odabrani proizvod se dodaje u potro\u0161a\u010dku ko\u0161aricu. Proizvodi se smatraju naru\u010denim u trenutku kada kupac pro\u0111e cijeli proces \u201eNaplate\u201c. 1.3. Pla\u0107anje i izrada proizvoda Obzirom da proizvode izra\u0111ujemo prema specifi\u010dnim zahtjevima kupca, prilikom narud\u017ebe, kupac odabire sve stavke klju\u010dne za izradu proizvoda, a narud\u017ebom potvr\u0111uje da je proizvod jasno prilago\u0111en \u017eeljama i potrebama Kupca te se po tom osnovu gubi pravo na jednostrani raskid ugovora od strane kupca. Ra\u010dun koji \u0107e kupac primiti e-mailom predstavlja potvrdu o sklopljenom ugovoru. Ra\u010dun izdajemo elektronskim putem na e-mail adresu navedenu prilikom izvr\u0161avanja narud\u017ebe.Ukoliko \u017eelite fizi\u010dki ra\u010dun, potrebno je to naglasiti u napomeni ili nas kontaktirati kako bi isti dostavili zajedno s narud\u017ebom. Kupac se obvezuje naru\u010dene proizvode platiti PERLI, a pla\u0107anje na PERLA Web shop-u mogu\u0107e je bankovnom transakcijom, tj. uplatom na ra\u010dun obrta. Po zavr\u0161etku kupnje s odabirom \u201eBankovna transakcija\u201c, na navedeni e-mail dobit \u0107ete podatke o pla\u0107anju. Ra\u010dun se mo\u017ee platiti internet bankarstvom ili op\u0107om uplatom u banci, po\u0161ti ili FINA-i. Po primitku sredstava na na\u0161 poslovni ra\u010dun, proizvod\/i \u0107e biti izra\u0111en\/i prema specifikaciji Kupca, a za izradu proizvoda potrebno nam je 7-14 dana. U slu\u010daju da je Kupcu proizvod potreban prije navedenog roka, slobodno nas kontaktirajte kako bi utvrdili mo\u017eemo li u tome trenutku napraviti iznimku. Ako se odre\u0111eni proizvod iz nekog razloga ne mo\u017ee izraditi, Kupac \u0107e biti obavije\u0161ten te \u0107e mu biti ponu\u0111en najsli\u010dniji zamjenski proizvod ili povrat novaca. 1.4.\u00a0Dostava proizvoda Isporuka paketa vr\u0161i se dostavom na adresu, putem\u00a0 kurirske slu\u017ebe MBE &#8211; Mail Boxes Etc. Dostavna slu\u017eba prikuplja narud\u017ebe na dnevnoj bazi te ih vlastitim dostavnim vozilima svaki radni dan dostavlja na adrese kupaca. PERLA se ne mo\u017ee smatrati odgovornim zbog ka\u0161njenja u dostavi prouzrokovanih dostavnom slu\u017ebom ili \u201cvi\u0161om silom\u201d. Dostava se vr\u0161i na podru\u010dju Hrvatske i svim zemljama \u010dlanicama EU: Austrija, Belgija, Bugarska, \u010ce\u0161ka, Cipar, Danska, Estonija, Finska, Francuska, Gr\u010dka, Irska, Italija, Latvija, Litva, Luksemburg, Ma\u0111arska, Malta, Nizozemska, Njema\u010dka, Poljska, Portugal, Rumunjska, Slova\u010dka, Slovenija, \u0160panjolska i \u0160vedska. Uobi\u010dajeno vrijeme dostave proizvoda unutar HR je 2-5 radnih dana, iako je ve\u0107ina po\u0161iljki na dostavi ve\u0107 sutra dan. Dostava u zemlje izvan Hrvatske mo\u017ee potrajati i do 20 radnih dana, a u pravilu do 5 do 10 radnih dana. Cijena dostave za zemlje \u010dlanice EU se napla\u0107uje ovisno o zemlji u koju se paket \u0161alje. Nakon ispunjavanja informacija za dostavu, cijena za tra\u017eenu zemlju \u0107e biti prikazana prije naplate. Brzina dostave mo\u017ee odstupati od uobi\u010dajene u vrijeme blagdana, neradnih dana, tijekom velikih prodajnih akcija i drugih situacija u kojima su mogu\u0107e pote\u0161ko\u0107e tijekom isporuke. \u017delite li dostavu na odre\u0111eni datum, navedite nam to u napomeni prilikom narud\u017ebe ili nas kontaktirajte direktno s napomenom. 1.5.\u00a0Preuzimanje po\u0161iljke Proizvodi \u0107e biti zapakirani tako da se uobi\u010dajenom manipulacijom u transportu ne mogu o\u0161tetiti. To nikako ne zna\u010di da se po\u0161iljka ne mo\u017ee o\u0161tetiti prilikom transporta. Zato je Kupac ili osoba koju je kupac ovlastio za preuzimanje po\u0161iljke du\u017ena prilikom preuzimanja po\u0161iljke provjeriti eventualna VANJSKA o\u0161te\u0107enja po\u0161iljke tj. paketa<\/p>","protected":false},"author":1,"featured_media":0,"parent":0,"menu_order":0,"comment_status":"closed","ping_status":"closed","template":"","meta":{"footnotes":""},"class_list":["post-2273","page","type-page","status-publish","hentry"],"aioseo_notices":[],"_links":{"self":[{"href":"https:\/\/personaliziranelampe.hr\/en\/wp-json\/wp\/v2\/pages\/2273","targetHints":{"allow":["GET"]}}],"collection":[{"href":"https:\/\/personaliziranelampe.hr\/en\/wp-json\/wp\/v2\/pages"}],"about":[{"href":"https:\/\/personaliziranelampe.hr\/en\/wp-json\/wp\/v2\/types\/page"}],"author":[{"embeddable":true,"href":"https:\/\/personaliziranelampe.hr\/en\/wp-json\/wp\/v2\/users\/1"}],"replies":[{"embeddable":true,"href":"https:\/\/personaliziranelampe.hr\/en\/wp-json\/wp\/v2\/comments?post=2273"}],"version-history":[{"count":6,"href":"https:\/\/personaliziranelampe.hr\/en\/wp-json\/wp\/v2\/pages\/2273\/revisions"}],"predecessor-version":[{"id":5001,"href":"https:\/\/personaliziranelampe.hr\/en\/wp-json\/wp\/v2\/pages\/2273\/revisions\/5001"}],"wp:attachment":[{"href":"https:\/\/personaliziranelampe.hr\/en\/wp-json\/wp\/v2\/media?parent=2273"}],"curies":[{"name":"wp","href":"https:\/\/api.w.org\/{rel}","templated":true}]}}