{"id":2222,"date":"2024-07-29T23:42:29","date_gmt":"2024-07-29T21:42:29","guid":{"rendered":"https:\/\/personaliziranelampe.hr\/?page_id=2222"},"modified":"2024-08-24T00:40:55","modified_gmt":"2024-08-23T22:40:55","slug":"podnosenje-prigovora-potrosaca","status":"publish","type":"page","link":"https:\/\/personaliziranelampe.hr\/en\/podnosenje-prigovora-potrosaca\/","title":{"rendered":"Podno\u0161enje prigovora potro\u0161a\u010da"},"content":{"rendered":"<div data-elementor-type=\"wp-page\" data-elementor-id=\"2222\" class=\"elementor elementor-2222\" data-elementor-settings=\"{&quot;ha_cmc_init_switcher&quot;:&quot;no&quot;}\">\n\t\t\t\t\t\t<section class=\"elementor-section elementor-top-section elementor-element elementor-element-a1b24ab elementor-section-stretched elementor-section-boxed elementor-section-height-default elementor-section-height-default wpr-jarallax-no wpr-parallax-no wpr-sticky-section-no\" data-id=\"a1b24ab\" data-element_type=\"section\" data-e-type=\"section\" data-settings=\"{&quot;stretch_section&quot;:&quot;section-stretched&quot;,&quot;_ha_eqh_enable&quot;:false}\">\n\t\t\t\t\t\t<div class=\"elementor-container elementor-column-gap-default\">\n\t\t\t\t\t<div class=\"elementor-column elementor-col-100 elementor-top-column elementor-element elementor-element-882c5f1\" data-id=\"882c5f1\" data-element_type=\"column\" data-e-type=\"column\">\n\t\t\t<div class=\"elementor-widget-wrap elementor-element-populated\">\n\t\t\t\t\t\t<div class=\"elementor-element elementor-element-b87b9c9 elementor-widget elementor-widget-heading\" data-id=\"b87b9c9\" data-element_type=\"widget\" data-e-type=\"widget\" data-widget_type=\"heading.default\">\n\t\t\t\t<div class=\"elementor-widget-container\">\n\t\t\t\t\t<h2 class=\"elementor-heading-title elementor-size-default\">SUBMISSION OF CONSUMER COMPLAINTS<\/h2>\t\t\t\t<\/div>\n\t\t\t\t<\/div>\n\t\t\t\t\t<\/div>\n\t\t<\/div>\n\t\t\t\t\t<\/div>\n\t\t<\/section>\n\t\t\t\t<section class=\"elementor-section elementor-top-section elementor-element elementor-element-2939eb10 elementor-section-stretched elementor-section-boxed elementor-section-height-default elementor-section-height-default wpr-jarallax-no wpr-parallax-no wpr-sticky-section-no\" data-id=\"2939eb10\" data-element_type=\"section\" data-e-type=\"section\" data-settings=\"{&quot;stretch_section&quot;:&quot;section-stretched&quot;,&quot;_ha_eqh_enable&quot;:false}\">\n\t\t\t\t\t\t<div class=\"elementor-container elementor-column-gap-default\">\n\t\t\t\t\t<div class=\"elementor-column elementor-col-100 elementor-top-column elementor-element elementor-element-3a86f371\" data-id=\"3a86f371\" data-element_type=\"column\" data-e-type=\"column\">\n\t\t\t<div class=\"elementor-widget-wrap elementor-element-populated\">\n\t\t\t\t\t\t<div class=\"elementor-element elementor-element-500b0e32 elementor-widget elementor-widget-text-editor\" data-id=\"500b0e32\" data-element_type=\"widget\" data-e-type=\"widget\" data-widget_type=\"text-editor.default\">\n\t\t\t\t<div class=\"elementor-widget-container\">\n\t\t\t\t\t\t\t\t\t<p><\/p>\n<p>SUBMISSION OF CONSUMER COMPLAINTS<\/p>\n<p>In accordance with Article 10 of the Consumer Protection Act, we inform consumers that complaints regarding the quality of our services can be submitted in writing (by mail) to the following address: PERLA, craft for production, trade, and specialized activities, owner Mirjana Lon\u010dar, Josipa Juraja Strossmayera 6, 32251 Privlaka, or by email at: perla@personaliziranelampe.hr.<\/p>\n<p>We will respond to your complaint in writing or electronically within 15 days of receiving the complaint. Please include your details in the complaint: name and surname, address for receiving the response.<\/p>\n<p>OUT-OF-COURT SETTLEMENT OF CONSUMER DISPUTES<\/p>\n<p>In the event of a dispute between the consumer and the seller, a complaint can be submitted to the Court of Honour of the Croatian Chamber of Trades and Crafts or a proposal for mediation can be made at mediation centers.<\/p>\n<p>ONLINE DISPUTE RESOLUTION<\/p>\n<p>According to the European Commission Regulation No. 524\/2013 on online consumer dispute resolution, an \"Online Dispute Resolution Platform\" (ODR Platform) is available at the following link: http:\/\/ec.europa.eu\/odr.\u00a0<a href=\"https:\/\/webgate.ec.europa.eu\/odr\/main\/index.cfm?event=main.home.chooseLanguage\">http:\/\/ec.europa.eu\/odr<\/a><\/p>\n<p>\u00a0<\/p>\n<p><\/p>\t\t\t\t\t\t\t\t<\/div>\n\t\t\t\t<\/div>\n\t\t\t\t\t<\/div>\n\t\t<\/div>\n\t\t\t\t\t<\/div>\n\t\t<\/section>\n\t\t\t\t<\/div>","protected":false},"excerpt":{"rendered":"<p>PODNO\u0160ENJE PRIGOVORA POTRO\u0160A\u010cA PODNO\u0160ENJE PRIGOVORA POTRO\u0160A\u010cA Sukladno \u010dl. 10 Zakona o za\u0161titi potro\u0161a\u010da, obavje\u0161tavamo potro\u0161a\u010de da prigovor na kvalitetu na\u0161ih usluga mogu dostaviti u pisanom obliku (po\u0161tom) na adresu: PERLA, obrt za proizvodnju, trgovinu i specijalizirane djelatnosti, vl. Mirjana Lon\u010dar, Josipa Juraja Strossmayera 6, 32251 Privlaka ili na e-mail: perla@personaliziranelampe.hr Odgovor na va\u0161 prigovor vratit \u0107emo u pisanom ili elektronskom obliku najkasnije 15 dana od dana primitka prigovora. Molimo vas da u prigovoru navedete svoje podatke: ime i prezime, adresa za dostavu odgovora. IZVANSUDSKO RJE\u0160AVANJA POTRO\u0160A\u010cKIH SPOROVA U slu\u010daju spora izme\u0111u potro\u0161a\u010da i trgovca, mo\u017ee se podnijeti prijava Sudu \u010dasti Hrvatske obrtni\u010dke komore ili prijedlog za mirenje pri centrima za mirenje. ONLINE RJE\u0160AVANJE SPOROVA Odredbom Europske komisije br. 524\/2013 o on-line rje\u0161avanju potro\u0161a\u010dkih sporova, omogu\u0107ena je \u201cPlatforma za on-line rje\u0161avanje potro\u0161a\u010dkih sporova\u201d (Platforma za ODR) na sljede\u0107em linku:\u00a0http:\/\/ec.europa.eu\/odr \u00a0<\/p>","protected":false},"author":1,"featured_media":0,"parent":0,"menu_order":0,"comment_status":"closed","ping_status":"closed","template":"","meta":{"footnotes":""},"class_list":["post-2222","page","type-page","status-publish","hentry"],"aioseo_notices":[],"_links":{"self":[{"href":"https:\/\/personaliziranelampe.hr\/en\/wp-json\/wp\/v2\/pages\/2222","targetHints":{"allow":["GET"]}}],"collection":[{"href":"https:\/\/personaliziranelampe.hr\/en\/wp-json\/wp\/v2\/pages"}],"about":[{"href":"https:\/\/personaliziranelampe.hr\/en\/wp-json\/wp\/v2\/types\/page"}],"author":[{"embeddable":true,"href":"https:\/\/personaliziranelampe.hr\/en\/wp-json\/wp\/v2\/users\/1"}],"replies":[{"embeddable":true,"href":"https:\/\/personaliziranelampe.hr\/en\/wp-json\/wp\/v2\/comments?post=2222"}],"version-history":[{"count":3,"href":"https:\/\/personaliziranelampe.hr\/en\/wp-json\/wp\/v2\/pages\/2222\/revisions"}],"predecessor-version":[{"id":2841,"href":"https:\/\/personaliziranelampe.hr\/en\/wp-json\/wp\/v2\/pages\/2222\/revisions\/2841"}],"wp:attachment":[{"href":"https:\/\/personaliziranelampe.hr\/en\/wp-json\/wp\/v2\/media?parent=2222"}],"curies":[{"name":"wp","href":"https:\/\/api.w.org\/{rel}","templated":true}]}}